{"id":402,"date":"2023-03-02T14:27:35","date_gmt":"2023-03-02T13:27:35","guid":{"rendered":"https:\/\/furustrand.no\/datenschutzerklaerung\/"},"modified":"2023-03-17T15:38:56","modified_gmt":"2023-03-17T14:38:56","slug":"datenschutzerklaerung","status":"publish","type":"page","link":"https:\/\/visbook.jaidev.no\/de\/datenschutzerklaerung\/","title":{"rendered":"Datenschutzerkl\u00e4rung"},"content":{"rendered":"\n<h2 class=\"wp-block-heading\">Wer wir sind<\/h2>\n\n<p>FURUSTRAND.NO wird von Furustrand AS betrieben.<\/p>\n\n<p>Der Gesch\u00e4ftsf\u00fchrer ist f\u00fcr die Verarbeitung aller auf der Website erhobenen Daten verantwortlich.<\/p>\n\n<p>FURUSTRAND AS<br\/>Tareveien 11, 3150 Tolvsr\u00f8d<br\/>+47 33 35 70 00<br\/>info@furustrand.no<\/p>\n\n<h2 class=\"wp-block-heading\">Kommentare<\/h2>\n\n<p>Wenn Besucher Kommentare auf der Seite hinterlassen, werden neben der IP-Adresse des Besuchers und der Browserversion des Besuchers auch die in das Kommentarformular eingegebenen Informationen gespeichert. Dies geschieht, um leichtfertige Kommentare zu vermeiden.<\/p>\n\n<p>Eine anonyme Textzeichenfolge, die auf Grundlage Ihrer E-Mail-Adresse generiert wird (auch \u201eHash\u201c genannt), kann an den Gravatar-Dienst gesendet werden, um zu \u00fcberpr\u00fcfen, ob Sie dort ein Konto haben. Die Datenschutzerkl\u00e4rung f\u00fcr Gravatar finden Sie hier: https:\/\/automattic.com\/privacy\/. Nachdem Ihr Kommentar genehmigt wurde, ist Ihr Profilbild f\u00fcr jeden sichtbar, der mit Ihrem Kommentar in Verbindung steht.<\/p>\n\n<h2 class=\"wp-block-heading\">Medien<\/h2>\n\n<p>Wenn Sie Fotos auf die Website hochladen, vermeiden Sie das Hochladen von Fotos, die Informationen \u00fcber den Ort enthalten, an dem sie aufgenommen wurden (EXIF GPS). Besucher der Seite k\u00f6nnen solche Informationen aus Bildern auf der Seite herunterladen und extrahieren.<\/p>\n\n<h2 class=\"wp-block-heading\">Informations-Cookies<\/h2>\n\n<p>Wenn Sie einen Kommentar auf dieser Website ver\u00f6ffentlichen, k\u00f6nnen Sie uns bitten, uns Ihren Namen, Ihre E-Mail-Adresse und Ihre Website zu merken. Diese Informationen werden in einem Cookie gespeichert und dienen dazu, Ihnen die Arbeit zu erleichtern. Sie m\u00fcssen diese Informationen dann beim n\u00e4chsten Posten eines Kommentars nicht erneut eingeben. Diese Cookies verfallen nach einem Jahr.<\/p>\n\n<p>Wenn Sie unsere Anmeldeseite besuchen, erstellen wir ein tempor\u00e4res Cookie, um festzustellen, ob Ihr Browser Cookies akzeptiert. Dieses Cookie enth\u00e4lt keine personenbezogenen Daten und verschwindet, sobald Sie Ihren Browser schlie\u00dfen.<\/p>\n\n<p>Wenn Sie sich anmelden, werden Cookies erstellt, die Ihre Anmeldeinformationen und die von Ihnen getroffenen Entscheidungen bez\u00fcglich der Anzeige von Inhalten speichern. Cookies mit Anmeldeinformationen verfallen nach zwei Tagen, w\u00e4hrend Cookies mit Anzeigeoptionen ein Jahr lang g\u00fcltig sind. Wenn Sie \u201eRemember me\u201c ankreuzen, werden Ihre Zugangsdaten zwei Wochen lang gespeichert. Wenn Sie sich von Ihrem Konto abmelden, verschwinden diese Cookies.<\/p>\n\n<p>Wenn Sie einen Artikel bearbeiten oder ver\u00f6ffentlichen, wird ein zus\u00e4tzlicher Cookie in Ihrem Browser gespeichert. Dieses Cookie enth\u00e4lt keine pers\u00f6nlichen Informationen, sondern nur die ID des Artikels, den Sie gerade bearbeitet haben. Sie verf\u00e4llt nach einem Tag.<\/p>\n\n<p>Siehe unsere Cookie-Erkl\u00e4rung <a href=\"https:\/\/visbook.jaidev.no\/de\/cookie-erklaerung-eu\/\" data-type=\"page\" data-id=\"191\">hier<\/a>.<\/p>\n\n<h2 class=\"wp-block-heading\">Eingebettete Inhalte von anderen Websites<\/h2>\n\n<p>Artikel auf dieser Website k\u00f6nnen eingebettete Inhalte enthalten (z. B. Videos, Bilder, Artikel usw.). Eingebettete Inhalte von anderen Websites verhalten sich genau so, als ob der Besucher die Website besucht h\u00e4tte, von der die eingebetteten Inhalte stammen.<\/p>\n\n<p>Diese Websites k\u00f6nnen Informationen \u00fcber Sie sammeln, Cookies verwenden, Tracking-Systeme von Dritten einbetten und \u00fcberwachen, was Sie durch diese eingebetteten Inhalte tun. Dazu geh\u00f6rt auch das Tracking Ihrer Aktionen \u00fcber die eingebetteten Inhalte, wenn Sie ein Konto haben und auf der Website angemeldet sind.<\/p>\n\n<h2 class=\"wp-block-heading\">Mit wem wir Ihre Informationen teilen<\/h2>\n\n<p>Wenn Sie ein Zur\u00fccksetzen des Passworts anfordern, wird Ihre IP-Adresse in der E-Mail zum Zur\u00fccksetzen des Passworts enthalten sein. Bestellungen werden \u00fcber die Integration mit VisBook und allen Informationen, f\u00fcr die Sie sich registrieren, get\u00e4tigt dort wird auch Ihre Bestellung bearbeitet. Wenn Sie Karte als Zahlungsmethode ausw\u00e4hlen, werden Zahlungsinformationen und Karteninformationen an unseren Zahlungsanbieter weitergegeben: NETS BRANCH NORWAY. Zahlungs- und Kartendaten werden nur zur Durchf\u00fchrung einer Zahlung verwendet.<\/p>\n\n<h2 class=\"wp-block-heading\">Wie lange wir Informationen \u00fcber Sie speichern<\/h2>\n\n<p>Wenn Sie einen Kommentar hinterlassen, werden der Kommentar und Informationen zum Kommentar unbegrenzt gespeichert. Auf diese Weise k\u00f6nnen wir Folgekommentare erkennen und automatisch genehmigen, anstatt sie in eine Warteschlange zu stellen, in der sie manuell von einem Redakteur genehmigt werden m\u00fcssen.<\/p>\n\n<p>Bei Benutzern, die sich auf dieser Website registrieren (sofern diese Option besteht), werden auch personenbezogene Daten gespeichert, die sie in ihrem Benutzerprofil angeben. Alle Benutzer k\u00f6nnen ihre eigenen pers\u00f6nlichen Daten (au\u00dfer Benutzername) jederzeit einsehen, bearbeiten und l\u00f6schen. Site-Administratoren k\u00f6nnen diese Informationen auch anzeigen und bearbeiten.<\/p>\n\n<h2 class=\"wp-block-heading\">Ihre Rechte in Bezug auf Informationen \u00fcber Sie<\/h2>\n\n<p>Wenn Sie ein Konto auf dieser Website haben oder Kommentare hinterlassen haben, k\u00f6nnen Sie eine Exportdatei anfordern, die die personenbezogenen Daten enth\u00e4lt, die wir \u00fcber Sie gespeichert haben. Dazu geh\u00f6ren alle Daten, die Sie uns mitgeteilt haben. Sie k\u00f6nnen auch verlangen, dass wir alle personenbezogenen Daten l\u00f6schen, die wir \u00fcber Sie haben. Dies umfasst keine Informationen, die wir aus administrativen, rechtlichen oder Sicherheitsgr\u00fcnden speichern m\u00fcssen.<\/p>\n\n<h2 class=\"wp-block-heading\">Wohin Ihre Informationen gesendet werden<\/h2>\n\n<p>Besucherkommentare k\u00f6nnen durch einen automatischen Erkennungsdienst auf Spam-Kommentare gepr\u00fcft werden.<\/p>\n\n<h2 class=\"wp-block-heading\">Wie die Informationen gesichert werden<\/h2>\n\n<p>Alle personenbezogenen Daten werden auf physisch gesicherten Computern und Servern hinter stark sch\u00fctzenden Firewalls gesammelt und gespeichert, und der gesamte Datenverkehr ist verschl\u00fcsselt (TLS). In F\u00e4llen, in denen Informationen auf physischem Papier gedruckt sind, wird dieses nach kurzer Zeit vernichtet, und sobald es nicht mehr ben\u00f6tigt wird, um eine Dienstleistung f\u00fcr Sie zu erbringen.<\/p>\n\n<h2 class=\"wp-block-heading\">Zugriff, Berichtigung und L\u00f6schung<\/h2>\n\n<p>Wenn Sie den Zugriff auf die \u00fcber Sie gespeicherten Informationen anfordern, diese l\u00f6schen oder \u00e4ndern m\u00f6chten, k\u00f6nnen Sie eine E-Mail an folgende Adresse senden: INFO@FURUSTRAND.NO<\/p>\n","protected":false},"excerpt":{"rendered":"<p>Wer wir sind FURUSTRAND.NO wird von Furustrand AS betrieben. Der Gesch\u00e4ftsf\u00fchrer ist f\u00fcr die Verarbeitung aller auf der Website erhobenen Daten verantwortlich. FURUSTRAND ASTareveien 11, 3150 Tolvsr\u00f8d+47 33 35 70 00info@furustrand.no Kommentare Wenn Besucher Kommentare auf der Seite hinterlassen, werden neben der IP-Adresse des Besuchers und der Browserversion des Besuchers auch die in das Kommentarformular [&hellip;]<\/p>\n","protected":false},"author":2,"featured_media":0,"parent":0,"menu_order":0,"comment_status":"closed","ping_status":"open","template":"","meta":{"_acf_changed":false,"footnotes":""},"class_list":["post-402","page","type-page","status-publish","hentry"],"acf":[],"_links":{"self":[{"href":"https:\/\/visbook.jaidev.no\/de\/wp-json\/wp\/v2\/pages\/402","targetHints":{"allow":["GET"]}}],"collection":[{"href":"https:\/\/visbook.jaidev.no\/de\/wp-json\/wp\/v2\/pages"}],"about":[{"href":"https:\/\/visbook.jaidev.no\/de\/wp-json\/wp\/v2\/types\/page"}],"author":[{"embeddable":true,"href":"https:\/\/visbook.jaidev.no\/de\/wp-json\/wp\/v2\/users\/2"}],"replies":[{"embeddable":true,"href":"https:\/\/visbook.jaidev.no\/de\/wp-json\/wp\/v2\/comments?post=402"}],"version-history":[{"count":0,"href":"https:\/\/visbook.jaidev.no\/de\/wp-json\/wp\/v2\/pages\/402\/revisions"}],"wp:attachment":[{"href":"https:\/\/visbook.jaidev.no\/de\/wp-json\/wp\/v2\/media?parent=402"}],"curies":[{"name":"wp","href":"https:\/\/api.w.org\/{rel}","templated":true}]}}