{"id":398,"date":"2023-03-02T15:06:47","date_gmt":"2023-03-02T14:06:47","guid":{"rendered":"https:\/\/furustrand.no\/willkommen-in-furustrand\/"},"modified":"2023-04-05T09:31:34","modified_gmt":"2023-04-05T07:31:34","slug":"willkommen-in-furustrand","status":"publish","type":"page","link":"https:\/\/visbook.jaidev.no\/de\/","title":{"rendered":"Willkommen in Furustrand"},"content":{"rendered":"\n<p>Furustrand ist ein einzigartiger Feriendomizil mit H\u00fctten, Wohnungen und Camping \u2013 direkt am Ufer des Oslofjords, ganz in der N\u00e4he von T\u00f8nsberg, mit dem sch\u00f6nen Ringshaugstrand als Nachbarn, gelegen. Hier gehen spannende Architektur, Strandleben und Lokalgeschichte Hand in Hand. Hier gehen spannende Architektur, Strandleben und Lokalgeschichte Hand in Hand.<\/p>\n","protected":false},"excerpt":{"rendered":"<p>Furustrand ist ein einzigartiger Feriendomizil mit H\u00fctten, Wohnungen und Camping \u2013 direkt am Ufer des Oslofjords, ganz in der N\u00e4he von T\u00f8nsberg, mit dem sch\u00f6nen Ringshaugstrand als Nachbarn, gelegen. Hier gehen spannende Architektur, Strandleben und Lokalgeschichte Hand in Hand. Hier gehen spannende Architektur, Strandleben und Lokalgeschichte Hand in Hand.<\/p>\n","protected":false},"author":2,"featured_media":0,"parent":0,"menu_order":0,"comment_status":"closed","ping_status":"closed","template":"template-home-normal.php","meta":{"_acf_changed":false,"footnotes":""},"class_list":["post-398","page","type-page","status-publish","hentry"],"acf":[],"_links":{"self":[{"href":"https:\/\/visbook.jaidev.no\/de\/wp-json\/wp\/v2\/pages\/398","targetHints":{"allow":["GET"]}}],"collection":[{"href":"https:\/\/visbook.jaidev.no\/de\/wp-json\/wp\/v2\/pages"}],"about":[{"href":"https:\/\/visbook.jaidev.no\/de\/wp-json\/wp\/v2\/types\/page"}],"author":[{"embeddable":true,"href":"https:\/\/visbook.jaidev.no\/de\/wp-json\/wp\/v2\/users\/2"}],"replies":[{"embeddable":true,"href":"https:\/\/visbook.jaidev.no\/de\/wp-json\/wp\/v2\/comments?post=398"}],"version-history":[{"count":0,"href":"https:\/\/visbook.jaidev.no\/de\/wp-json\/wp\/v2\/pages\/398\/revisions"}],"wp:attachment":[{"href":"https:\/\/visbook.jaidev.no\/de\/wp-json\/wp\/v2\/media?parent=398"}],"curies":[{"name":"wp","href":"https:\/\/api.w.org\/{rel}","templated":true}]}}