{"id":394,"date":"2023-03-03T10:44:17","date_gmt":"2023-03-03T09:44:17","guid":{"rendered":"https:\/\/furustrand.no\/aktivitaeten\/"},"modified":"2023-03-29T14:26:11","modified_gmt":"2023-03-29T12:26:11","slug":"aktivitaeten","status":"publish","type":"page","link":"https:\/\/visbook.jaidev.no\/de\/aktivitaeten\/","title":{"rendered":"Aktivit\u00e4ten"},"content":{"rendered":"\n<p>Furustrand, T\u00f8nsberg und Gro\u00dfraum Vestfold bieten Ihnen viele Erlebnisse und Aktivit\u00e4ten f\u00fcr die ganze Familie an. Sie finden uns direkt am Strand vom Oslofjord bei T\u00f8nsberg \u2013 mit allen Freuden und viel Spa\u00df f\u00fcr die Gro\u00dfen und die Kleinen. W\u00fcnschen Sie interessante Stadtaktivit\u00e4ten, ist T\u00f8nsberg nur 5 km entfernt, die als \u00e4lteste Stadt Norwegens (seit 871) eine reiche Geschichte zu bieten hat. Auch hat Furustrand und Umgebung wunderbare Spazier- und Wandergebiete, gerne mit dem hiesigen K\u00fcstenweg als Ausgangspunkt.<\/p>\n","protected":false},"excerpt":{"rendered":"<p>Furustrand, T\u00f8nsberg und Gro\u00dfraum Vestfold bieten Ihnen viele Erlebnisse und Aktivit\u00e4ten f\u00fcr die ganze Familie an. Sie finden uns direkt am Strand vom Oslofjord bei T\u00f8nsberg \u2013 mit allen Freuden und viel Spa\u00df f\u00fcr die Gro\u00dfen und die Kleinen. W\u00fcnschen Sie interessante Stadtaktivit\u00e4ten, ist T\u00f8nsberg nur 5 km entfernt, die als \u00e4lteste Stadt Norwegens (seit [&hellip;]<\/p>\n","protected":false},"author":2,"featured_media":324,"parent":0,"menu_order":0,"comment_status":"closed","ping_status":"closed","template":"template-opplevelser.php","meta":{"_acf_changed":false,"footnotes":""},"class_list":["post-394","page","type-page","status-publish","has-post-thumbnail","hentry"],"acf":[],"_links":{"self":[{"href":"https:\/\/visbook.jaidev.no\/de\/wp-json\/wp\/v2\/pages\/394","targetHints":{"allow":["GET"]}}],"collection":[{"href":"https:\/\/visbook.jaidev.no\/de\/wp-json\/wp\/v2\/pages"}],"about":[{"href":"https:\/\/visbook.jaidev.no\/de\/wp-json\/wp\/v2\/types\/page"}],"author":[{"embeddable":true,"href":"https:\/\/visbook.jaidev.no\/de\/wp-json\/wp\/v2\/users\/2"}],"replies":[{"embeddable":true,"href":"https:\/\/visbook.jaidev.no\/de\/wp-json\/wp\/v2\/comments?post=394"}],"version-history":[{"count":0,"href":"https:\/\/visbook.jaidev.no\/de\/wp-json\/wp\/v2\/pages\/394\/revisions"}],"wp:featuredmedia":[{"embeddable":true,"href":"https:\/\/visbook.jaidev.no\/de\/wp-json\/wp\/v2\/media\/324"}],"wp:attachment":[{"href":"https:\/\/visbook.jaidev.no\/de\/wp-json\/wp\/v2\/media?parent=394"}],"curies":[{"name":"wp","href":"https:\/\/api.w.org\/{rel}","templated":true}]}}