{"id":388,"date":"2023-03-05T17:22:15","date_gmt":"2023-03-05T16:22:15","guid":{"rendered":"https:\/\/furustrand.no\/camping\/"},"modified":"2024-02-22T11:50:13","modified_gmt":"2024-02-22T10:50:13","slug":"camping","status":"publish","type":"page","link":"https:\/\/visbook.jaidev.no\/de\/camping\/","title":{"rendered":"Camping"},"content":{"rendered":"\n<p>Furustrand ist ein \u00e4u\u00dferst popul\u00e4rer Campingplatz mit einer begrenzten Anzahl von Pl\u00e4tzen. Wir haben das ganze Jahr \u00fcber ge\u00f6ffnet. \u00dcbernachtungspl\u00e4tze k\u00f6nnen im Voraus f\u00fcr mindestens 7 Tage gebucht werden. Wir reservieren auch Pl\u00e4tze, wenn Sie am Anreisetag anrufen, ansonsten gilt das First-Come-First-Served-Prinzip. Furustrand bietet Bequemlichkeiten, die einen hohen Standard erf\u00fcllen. Gemeinsame Au\u00dfenbereiche k\u00f6nnen von allen unseren G\u00e4sten benutzt werden.<\/p>\n\n<p><em>Zugangskarten zu den Wasch- und Sanit\u00e4ranlagen k\u00f6nnen an der Rezeption erworben werden. Alle Campingg\u00e4ste haben freien Zugang zur Gemeinschaftsk\u00fcche und zum Fernsehraum. Zugangskarten sind an der Rezeption erh\u00e4ltlich.<\/em><\/p>\n","protected":false},"excerpt":{"rendered":"<p>Furustrand ist ein \u00e4u\u00dferst popul\u00e4rer Campingplatz mit einer begrenzten Anzahl von Pl\u00e4tzen. Wir haben das ganze Jahr \u00fcber ge\u00f6ffnet. \u00dcbernachtungspl\u00e4tze k\u00f6nnen im Voraus f\u00fcr mindestens 7 Tage gebucht werden. Wir reservieren auch Pl\u00e4tze, wenn Sie am Anreisetag anrufen, ansonsten gilt das First-Come-First-Served-Prinzip. Furustrand bietet Bequemlichkeiten, die einen hohen Standard erf\u00fcllen. Gemeinsame Au\u00dfenbereiche k\u00f6nnen von allen [&hellip;]<\/p>\n","protected":false},"author":2,"featured_media":798,"parent":0,"menu_order":0,"comment_status":"closed","ping_status":"closed","template":"template-camping.php","meta":{"_acf_changed":false,"footnotes":""},"class_list":["post-388","page","type-page","status-publish","has-post-thumbnail","hentry"],"acf":[],"_links":{"self":[{"href":"https:\/\/visbook.jaidev.no\/de\/wp-json\/wp\/v2\/pages\/388","targetHints":{"allow":["GET"]}}],"collection":[{"href":"https:\/\/visbook.jaidev.no\/de\/wp-json\/wp\/v2\/pages"}],"about":[{"href":"https:\/\/visbook.jaidev.no\/de\/wp-json\/wp\/v2\/types\/page"}],"author":[{"embeddable":true,"href":"https:\/\/visbook.jaidev.no\/de\/wp-json\/wp\/v2\/users\/2"}],"replies":[{"embeddable":true,"href":"https:\/\/visbook.jaidev.no\/de\/wp-json\/wp\/v2\/comments?post=388"}],"version-history":[{"count":3,"href":"https:\/\/visbook.jaidev.no\/de\/wp-json\/wp\/v2\/pages\/388\/revisions"}],"predecessor-version":[{"id":1086,"href":"https:\/\/visbook.jaidev.no\/de\/wp-json\/wp\/v2\/pages\/388\/revisions\/1086"}],"wp:featuredmedia":[{"embeddable":true,"href":"https:\/\/visbook.jaidev.no\/de\/wp-json\/wp\/v2\/media\/798"}],"wp:attachment":[{"href":"https:\/\/visbook.jaidev.no\/de\/wp-json\/wp\/v2\/media?parent=388"}],"curies":[{"name":"wp","href":"https:\/\/api.w.org\/{rel}","templated":true}]}}