{"id":382,"date":"2023-03-07T12:26:53","date_gmt":"2023-03-07T11:26:53","guid":{"rendered":"https:\/\/furustrand.no\/restaurant\/"},"modified":"2023-03-20T13:25:27","modified_gmt":"2023-03-20T12:25:27","slug":"restaurant","status":"publish","type":"page","link":"https:\/\/visbook.jaidev.no\/de\/restaurant\/","title":{"rendered":"Restaurant"},"content":{"rendered":"\n<p>Die \u201eSpiseri\u201c ist unsere eigene Gastst\u00e4tte in Furustrand. Wir haben ab Pfingsten jedes Wochenende ge\u00f6ffnet \u2013 und den ganzen Juli durch t\u00e4glich ge\u00f6ffnet. Sie sind herzlich willkommen, dort eine einfache warme Mahlzeit oder auch nur eine Tasse Kaffee zu genie\u00dfen. Wir bieten Ihnen auch drau\u00dfen auf der Terrasse guten Service. Rufen Sie 0047 33 32 99 65 an, wenn Sie einen Tisch reservieren m\u00f6chten.<\/p>\n","protected":false},"excerpt":{"rendered":"<p>Die \u201eSpiseri\u201c ist unsere eigene Gastst\u00e4tte in Furustrand. Wir haben ab Pfingsten jedes Wochenende ge\u00f6ffnet \u2013 und den ganzen Juli durch t\u00e4glich ge\u00f6ffnet. Sie sind herzlich willkommen, dort eine einfache warme Mahlzeit oder auch nur eine Tasse Kaffee zu genie\u00dfen. Wir bieten Ihnen auch drau\u00dfen auf der Terrasse guten Service. Rufen Sie 0047 33 32 [&hellip;]<\/p>\n","protected":false},"author":2,"featured_media":328,"parent":0,"menu_order":0,"comment_status":"closed","ping_status":"closed","template":"template-restaurant.php","meta":{"_acf_changed":false,"footnotes":""},"class_list":["post-382","page","type-page","status-publish","has-post-thumbnail","hentry"],"acf":[],"_links":{"self":[{"href":"https:\/\/visbook.jaidev.no\/de\/wp-json\/wp\/v2\/pages\/382","targetHints":{"allow":["GET"]}}],"collection":[{"href":"https:\/\/visbook.jaidev.no\/de\/wp-json\/wp\/v2\/pages"}],"about":[{"href":"https:\/\/visbook.jaidev.no\/de\/wp-json\/wp\/v2\/types\/page"}],"author":[{"embeddable":true,"href":"https:\/\/visbook.jaidev.no\/de\/wp-json\/wp\/v2\/users\/2"}],"replies":[{"embeddable":true,"href":"https:\/\/visbook.jaidev.no\/de\/wp-json\/wp\/v2\/comments?post=382"}],"version-history":[{"count":0,"href":"https:\/\/visbook.jaidev.no\/de\/wp-json\/wp\/v2\/pages\/382\/revisions"}],"wp:featuredmedia":[{"embeddable":true,"href":"https:\/\/visbook.jaidev.no\/de\/wp-json\/wp\/v2\/media\/328"}],"wp:attachment":[{"href":"https:\/\/visbook.jaidev.no\/de\/wp-json\/wp\/v2\/media?parent=382"}],"curies":[{"name":"wp","href":"https:\/\/api.w.org\/{rel}","templated":true}]}}